{"id":3288,"date":"2024-07-01T14:11:19","date_gmt":"2024-07-01T12:11:19","guid":{"rendered":"https:\/\/www.bantam.ch\/?page_id=3288"},"modified":"2025-03-25T08:22:30","modified_gmt":"2025-03-25T07:22:30","slug":"allgemeine-geschaeftsbedingungen","status":"publish","type":"page","link":"https:\/\/www.bantam.ch\/de\/allgemeine-geschaeftsbedingungen\/","title":{"rendered":"Allgemeine Gesch\u00e4ftsbedingungen"},"content":{"rendered":"\n<p><strong>Geltungsbereich<\/strong><\/p>\n\n\n\n<p>Es gelten nur die vorliegenden Gesch\u00e4ftsbedingungen.<\/p>\n\n\n\n<p><strong>Lieferung<\/strong><\/p>\n\n\n\n<p>Die mit der Lieferung verbundenen Risiken liegen in der Verantwortung des Kunden. Die Versandkosten werden nach den geltenden Tarifen in Rechnung gestellt (<a href=\"https:\/\/shop.bantam.ch\/de\/versandbedingungen\/\" target=\"_blank\" rel=\"noreferrer noopener\">siehe Lieferungen und R\u00fccksendungen<\/a>).<\/p>\n\n\n\n<p>Folgende Ware k\u00f6nnen wir nicht als Standardsendung versenden:<\/p>\n\n\n\n<ul class=\"wp-block-list\">\n<li>Sperrgutsendungen gem\u00e4ss den Bedingungen der Post<br><a href=\"https:\/\/www.post.ch\/de\/pakete-versenden\/sperrgut\" target=\"_blank\" rel=\"noreferrer noopener\">https:\/\/www.post.ch\/de\/pakete-versenden\/sperrgut<\/a><\/li>\n\n\n\n<li>Giftklasse 3 f\u00fcr gef\u00e4hrliche Stoffe (Methanol)<\/li>\n\n\n\n<li>Gaszylinder resp. Gasflaschen<\/li>\n<\/ul>\n\n\n\n<p>Sperrgut-Sendungen oder Sendungen mit mehr als 30 kg Gewicht versenden wir per Spediteur. Daf\u00fcr fallen zus\u00e4tzlichen Kosten an, welche in Rechnung gestellt werden. Die Speditionskosten werden nach Aufwand verrechnet.<\/p>\n\n\n\n<p><strong>Bei Lieferung festgestellte Sch\u00e4den<\/strong><\/p>\n\n\n\n<p>Die Ware ist in Anwesenheit des Zustellers zu pr\u00fcfen. Sch\u00e4den m\u00fcssen schriftlich mit der Unterschrift des Zustellers gemeldet werden. Der Kunde hat uns M\u00e4ngel innert 24 Stunden nach Eingang seiner Bestellung schriftlich anzuzeigen. Bei Materialm\u00e4ngeln erfolgt die Reparatur oder der Austausch kostenlos. Ist dies nicht m\u00f6glich, kann eine R\u00fcckerstattung beantragt werden.<\/p>\n\n\n\n<p>Wir lehnen jede Verantwortung f\u00fcr Folgesch\u00e4den jeglicher Art ab.<\/p>\n\n\n\n<p><strong>Warenr\u00fcckgabe<\/strong><\/p>\n\n\n\n<p>Produkte in der Originalverpackung, die noch nicht verwendet wurden, k\u00f6nnen innerhalb von 5 Werktagen ab Erhalt zur\u00fcckgegeben werden. Sonderanfertigungen oder Sonderbestellungen sind von dieser Regel ausgenommen. Der K\u00e4ufer tr\u00e4gt die Frachtkosten f\u00fcr die R\u00fccksendung. Wird die Ware vom K\u00e4ufer innerhalb der von uns gesetzten und erhaltenen Frist korrekt versandt, wird der volle Kaufwert sofort zur\u00fcckerstattet.<\/p>\n\n\n\n<p><strong>Stornierung der Bestellung<\/strong><\/p>\n\n\n\n<p>Bei Stornierung einer Bestellung behalten wir uns das Recht vor, alle anfallenden Kosten in Rechnung zu stellen. Bei bereits versendeten Bestellungen werden die Versandkosten nicht erstattet.<\/p>\n\n\n\n<p><strong>Zahlung<\/strong><\/p>\n\n\n\n<p>Unsere Zahlungsbedingungen sind: Zahlung innerhalb von 10 Tagen ohne Skontoabzug.<\/p>\n\n\n\n<p>Kosten bei Zahlungsverzug:<\/p>\n\n\n\n<p>Bei \u00dcbergabe an Inkassodienstleister (fr\u00fchestens nach zwei schriftlichen Mahnungen nach Rechnungsdatum) werden Bearbeitungsgeb\u00fchren gem\u00e4ss <a href=\"http:\/\/www.fairpay.ch\">www.fairpay.ch<\/a> angewendet.<\/p>\n\n\n\n<p><strong>Preise<\/strong><\/p>\n\n\n\n<p>Alle Preise verstehen sich inklusive Mehrwertsteuer, \u00c4nderungen bleiben vorbehalten. Es gelten die am Tag der Bestellung g\u00fcltigen Preise. Wenn sich diese Preise ge\u00e4ndert haben, wird dies in einer schriftlichen Auftragsbest\u00e4tigung bekannt gegeben.<\/p>\n\n\n\n<p><strong>Datenschutz<\/strong><\/p>\n\n\n\n<p>In \u00dcbereinstimmung mit dem Datenschutzgesetz best\u00e4tigen wir, dass wir die Kontaktdaten nicht f\u00fcr andere Zwecke als die direkte Gesch\u00e4ftsbeziehung zwischen dem Kunden und der Firma Bantam Camping AG verwenden.<\/p>\n\n\n\n<p><strong>Gerichtsstand<\/strong><\/p>\n\n\n\n<p>Bei Streitigkeiten befindet sich der Gerichtsstand am Sitz des Verk\u00e4ufers. Der K\u00e4ufer erkl\u00e4rt sich ausdr\u00fccklich damit einverstanden, den vorgenannten Gerichtsstand zu akzeptieren und auf den Gerichtsstand seines Wohnsitzes zu verzichten.<\/p>\n","protected":false},"excerpt":{"rendered":"<p>Geltungsbereich Es gelten nur die vorliegenden Gesch\u00e4ftsbedingungen. Lieferung Die mit der Lieferung verbundenen Risiken liegen in der Verantwortung des Kunden. Die Versandkosten werden nach den geltenden Tarifen in Rechnung gestellt (siehe Lieferungen und R\u00fccksendungen). Folgende Ware k\u00f6nnen wir nicht als Standardsendung versenden: Sperrgut-Sendungen oder Sendungen mit mehr als 30 kg Gewicht versenden wir per Spediteur. [&hellip;]<\/p>\n","protected":false},"author":6,"featured_media":0,"parent":0,"menu_order":0,"comment_status":"closed","ping_status":"closed","template":"","meta":{"_acf_changed":false,"footnotes":""},"class_list":["post-3288","page","type-page","status-publish","hentry"],"acf":[],"yoast_head":"<!-- This site is optimized with the Yoast SEO plugin v27.4 - https:\/\/yoast.com\/product\/yoast-seo-wordpress\/ -->\n<title>Allgemeine Gesch\u00e4ftsbedingungen - Bantam<\/title>\n<meta name=\"robots\" content=\"index, follow, max-snippet:-1, max-image-preview:large, max-video-preview:-1\" \/>\n<link rel=\"canonical\" href=\"https:\/\/www.bantam.ch\/de\/allgemeine-geschaeftsbedingungen\/\" \/>\n<meta property=\"og:locale\" content=\"de_DE\" \/>\n<meta property=\"og:type\" content=\"article\" \/>\n<meta property=\"og:title\" content=\"Allgemeine Gesch\u00e4ftsbedingungen - Bantam\" \/>\n<meta property=\"og:description\" content=\"Geltungsbereich Es gelten nur die vorliegenden Gesch\u00e4ftsbedingungen. Lieferung Die mit der Lieferung verbundenen Risiken liegen in der Verantwortung des Kunden. Die Versandkosten werden nach den geltenden Tarifen in Rechnung gestellt (siehe Lieferungen und R\u00fccksendungen). Folgende Ware k\u00f6nnen wir nicht als Standardsendung versenden: Sperrgut-Sendungen oder Sendungen mit mehr als 30 kg Gewicht versenden wir per Spediteur. [&hellip;]\" \/>\n<meta property=\"og:url\" content=\"https:\/\/www.bantam.ch\/de\/allgemeine-geschaeftsbedingungen\/\" \/>\n<meta property=\"og:site_name\" content=\"Bantam\" \/>\n<meta property=\"article:modified_time\" content=\"2025-03-25T07:22:30+00:00\" \/>\n<meta name=\"twitter:card\" content=\"summary_large_image\" \/>\n<script type=\"application\/ld+json\" class=\"yoast-schema-graph\">{\"@context\":\"https:\\\/\\\/schema.org\",\"@graph\":[{\"@type\":\"WebPage\",\"@id\":\"https:\\\/\\\/www.bantam.ch\\\/de\\\/allgemeine-geschaeftsbedingungen\\\/\",\"url\":\"https:\\\/\\\/www.bantam.ch\\\/de\\\/allgemeine-geschaeftsbedingungen\\\/\",\"name\":\"Allgemeine Gesch\u00e4ftsbedingungen - Bantam\",\"isPartOf\":{\"@id\":\"https:\\\/\\\/www.bantam.ch\\\/#website\"},\"datePublished\":\"2024-07-01T12:11:19+00:00\",\"dateModified\":\"2025-03-25T07:22:30+00:00\",\"breadcrumb\":{\"@id\":\"https:\\\/\\\/www.bantam.ch\\\/de\\\/allgemeine-geschaeftsbedingungen\\\/#breadcrumb\"},\"inLanguage\":\"de\",\"potentialAction\":[{\"@type\":\"ReadAction\",\"target\":[\"https:\\\/\\\/www.bantam.ch\\\/de\\\/allgemeine-geschaeftsbedingungen\\\/\"]}]},{\"@type\":\"BreadcrumbList\",\"@id\":\"https:\\\/\\\/www.bantam.ch\\\/de\\\/allgemeine-geschaeftsbedingungen\\\/#breadcrumb\",\"itemListElement\":[{\"@type\":\"ListItem\",\"position\":1,\"name\":\"Home\",\"item\":\"https:\\\/\\\/www.bantam.ch\\\/de\\\/\"},{\"@type\":\"ListItem\",\"position\":2,\"name\":\"Allgemeine Gesch\u00e4ftsbedingungen\"}]},{\"@type\":\"WebSite\",\"@id\":\"https:\\\/\\\/www.bantam.ch\\\/#website\",\"url\":\"https:\\\/\\\/www.bantam.ch\\\/\",\"name\":\"Bantam Etagni\u00e8res\",\"description\":\"\",\"potentialAction\":[{\"@type\":\"SearchAction\",\"target\":{\"@type\":\"EntryPoint\",\"urlTemplate\":\"https:\\\/\\\/www.bantam.ch\\\/?s={search_term_string}\"},\"query-input\":{\"@type\":\"PropertyValueSpecification\",\"valueRequired\":true,\"valueName\":\"search_term_string\"}}],\"inLanguage\":\"de\"}]}<\/script>\n<!-- \/ Yoast SEO plugin. -->","yoast_head_json":{"title":"Allgemeine Gesch\u00e4ftsbedingungen - Bantam","robots":{"index":"index","follow":"follow","max-snippet":"max-snippet:-1","max-image-preview":"max-image-preview:large","max-video-preview":"max-video-preview:-1"},"canonical":"https:\/\/www.bantam.ch\/de\/allgemeine-geschaeftsbedingungen\/","og_locale":"de_DE","og_type":"article","og_title":"Allgemeine Gesch\u00e4ftsbedingungen - Bantam","og_description":"Geltungsbereich Es gelten nur die vorliegenden Gesch\u00e4ftsbedingungen. Lieferung Die mit der Lieferung verbundenen Risiken liegen in der Verantwortung des Kunden. Die Versandkosten werden nach den geltenden Tarifen in Rechnung gestellt (siehe Lieferungen und R\u00fccksendungen). Folgende Ware k\u00f6nnen wir nicht als Standardsendung versenden: Sperrgut-Sendungen oder Sendungen mit mehr als 30 kg Gewicht versenden wir per Spediteur. [&hellip;]","og_url":"https:\/\/www.bantam.ch\/de\/allgemeine-geschaeftsbedingungen\/","og_site_name":"Bantam","article_modified_time":"2025-03-25T07:22:30+00:00","twitter_card":"summary_large_image","schema":{"@context":"https:\/\/schema.org","@graph":[{"@type":"WebPage","@id":"https:\/\/www.bantam.ch\/de\/allgemeine-geschaeftsbedingungen\/","url":"https:\/\/www.bantam.ch\/de\/allgemeine-geschaeftsbedingungen\/","name":"Allgemeine Gesch\u00e4ftsbedingungen - Bantam","isPartOf":{"@id":"https:\/\/www.bantam.ch\/#website"},"datePublished":"2024-07-01T12:11:19+00:00","dateModified":"2025-03-25T07:22:30+00:00","breadcrumb":{"@id":"https:\/\/www.bantam.ch\/de\/allgemeine-geschaeftsbedingungen\/#breadcrumb"},"inLanguage":"de","potentialAction":[{"@type":"ReadAction","target":["https:\/\/www.bantam.ch\/de\/allgemeine-geschaeftsbedingungen\/"]}]},{"@type":"BreadcrumbList","@id":"https:\/\/www.bantam.ch\/de\/allgemeine-geschaeftsbedingungen\/#breadcrumb","itemListElement":[{"@type":"ListItem","position":1,"name":"Home","item":"https:\/\/www.bantam.ch\/de\/"},{"@type":"ListItem","position":2,"name":"Allgemeine Gesch\u00e4ftsbedingungen"}]},{"@type":"WebSite","@id":"https:\/\/www.bantam.ch\/#website","url":"https:\/\/www.bantam.ch\/","name":"Bantam Etagni\u00e8res","description":"","potentialAction":[{"@type":"SearchAction","target":{"@type":"EntryPoint","urlTemplate":"https:\/\/www.bantam.ch\/?s={search_term_string}"},"query-input":{"@type":"PropertyValueSpecification","valueRequired":true,"valueName":"search_term_string"}}],"inLanguage":"de"}]}},"publishpress_future_action":{"enabled":false,"date":"2026-04-26 17:08:09","action":"change-status","newStatus":"draft","terms":[],"taxonomy":"translation_priority","extraData":[]},"publishpress_future_workflow_manual_trigger":{"enabledWorkflows":[]},"_links":{"self":[{"href":"https:\/\/www.bantam.ch\/de\/wp-json\/wp\/v2\/pages\/3288","targetHints":{"allow":["GET"]}}],"collection":[{"href":"https:\/\/www.bantam.ch\/de\/wp-json\/wp\/v2\/pages"}],"about":[{"href":"https:\/\/www.bantam.ch\/de\/wp-json\/wp\/v2\/types\/page"}],"author":[{"embeddable":true,"href":"https:\/\/www.bantam.ch\/de\/wp-json\/wp\/v2\/users\/6"}],"replies":[{"embeddable":true,"href":"https:\/\/www.bantam.ch\/de\/wp-json\/wp\/v2\/comments?post=3288"}],"version-history":[{"count":3,"href":"https:\/\/www.bantam.ch\/de\/wp-json\/wp\/v2\/pages\/3288\/revisions"}],"predecessor-version":[{"id":4068,"href":"https:\/\/www.bantam.ch\/de\/wp-json\/wp\/v2\/pages\/3288\/revisions\/4068"}],"wp:attachment":[{"href":"https:\/\/www.bantam.ch\/de\/wp-json\/wp\/v2\/media?parent=3288"}],"curies":[{"name":"wp","href":"https:\/\/api.w.org\/{rel}","templated":true}]}}