{"id":3155,"date":"2024-07-01T14:09:20","date_gmt":"2024-07-01T12:09:20","guid":{"rendered":"https:\/\/www.bantam.ch\/?page_id=3155"},"modified":"2025-11-27T11:23:20","modified_gmt":"2025-11-27T10:23:20","slug":"nuetzliche-informationen","status":"publish","type":"page","link":"https:\/\/www.bantam.ch\/de\/nuetzliche-informationen\/","title":{"rendered":"N\u00fctzliche Informationen"},"content":{"rendered":"\n<h2 class=\"wp-block-heading\">Reisemobil &amp; Wohnwagen Vermietungen<\/h2>\n\n\n\n<ul class=\"wp-block-list\">\n<li>Alle anderen Reisemobile sind mit dem normalen B-F\u00fchrerausweis zu lenken<\/li>\n\n\n\n<li>7\/7 Hotline 8-21 Uhr<\/li>\n\n\n\n<li>Pannenhilfe 24\/7 in ganz Europa<\/li>\n\n\n\n<li>Unbeschr\u00e4nkte Kilometer !&nbsp;<\/li>\n\n\n\n<li>Neuwertige Fahrzeuge<\/li>\n\n\n\n<li>Klimaanlage im Wohnraum 230V bei allen teilintegrierten, Alkoven und integrierten Modellen<\/li>\n\n\n\n<li>Unsere Fahrzeuge aus der Mietflotte k\u00f6nnen Sie Ende der Saison zu Spezialkonditionen erwerben !<br>Sie k\u00f6nnen die Fahrzeuge im Voraus buchen<\/li>\n<\/ul>\n\n\n\n<p>\u00dcberlassen Sie nichts dem Zufall&#8230;<\/p>\n\n\n\n<p>Lassen Sie den Alltag hinter sich und geniessen Sie Ihren wohlverdienten Urlaub. Frische Luft und Natur sind inklusive.<\/p>\n\n\n\n<p>Damit Sie die wichtigste Zeit des Jahres nicht dem Zufall \u00fcberlassen, sondern geniessen k\u00f6nnen, legen wir grossen Wert auf Sicherheit und Qualit\u00e4t unserer Mietflotte. <\/p>\n\n\n\n<p>Machen Sie sich keine Sorgen&#8230; <\/p>\n\n\n\n<p>Unsere Mietfahrzeuge sind neuwertige Modelle (Servolenkung und Klimaanlage inklusive) damit Sie sich auf das Wichtigste konzentrieren k\u00f6nnen: Ferien machen ! Um Ihnen den Start zus\u00e4tzlich zu erleichtern, bieten wir Ihnen einen Parkplatz f\u00fcr Ihr Privatauto (auf eigenes Risiko) und gen\u00fcgend Platz damit Sie Ihr Gep\u00e4ck vor der Abreise bequem umladen k\u00f6nnen.<\/p>\n\n\n\n<h2 class=\"wp-block-heading\">Wochenende und Feiertage\u2026<\/h2>\n\n\n\n<ul class=\"wp-block-list\">\n<li>Wochenende : 2\u00bd Tage : ab Freitag bis Montag 10 Uhr Miettarif dem Modell entsprechend (ausser w\u00e4hrend den Schulferien)<\/li>\n\n\n\n<li>Auffahrt : 4\u00bd Tage : vom 13.05.26 bis 18.05.26 um 10 Uhr<\/li>\n\n\n\n<li>Pfingsten : 3\u00bd Tage : vom 22.05.26 bis 26.05.26 um 10 Uhr<\/li>\n<\/ul>\n\n\n\n<p><strong>Wochenweise Vermietungen sind immer von Freitag bis Freitag.<\/strong><\/p>\n\n\n\n<p><strong>Die Fahrzeugabholung findet am Nachmittag, die Fahrzeugr\u00fcckgabe am Vormittag statt.<\/strong><\/p>\n\n\n\n<p>W\u00e4hrend der Hochsaison, den Schulferien und an Ostern betr\u00e4gt die Mindestmietdauer eine Woche.<\/p>\n\n\n\n<p>Fixkosten je Vermietung :&nbsp;\u00dcbergabe- \/ Verwaltungskosten&nbsp;CH 100.-, eine Gasflasche 10,5 Kg CHF 60.-.<\/p>\n\n\n\n<h2 class=\"wp-block-heading\">Reisemobile: eine optimale Ausr\u00fcstung !<\/h2>\n\n\n\n<p>Alle unsere Reisemobile verf\u00fcgen \u00fcber folgende Serienausstattung :<\/p>\n\n\n\n<ul class=\"wp-block-list\">\n<li>R\u00fcckfahrkamera<\/li>\n\n\n\n<li>Navigationsger\u00e4t oder Android Auto &#8211; Apple CarPlay<\/li>\n\n\n\n<li>Klimaanlage f\u00fcr Fahrerkabine<\/li>\n\n\n\n<li>Klimaanlage Wohnraum 230V (Teilintegrierte, Alkoven, Integrierte)<\/li>\n\n\n\n<li>Fahrradtr\u00e4ger f\u00fcr 2-4 Fahrr\u00e4der<\/li>\n\n\n\n<li>Kassetten-WC, Toilettenprodukte*&nbsp;<\/li>\n\n\n\n<li>Autoradio<\/li>\n\n\n\n<li>Sonnenstore<\/li>\n\n\n\n<li>Reserve-Wasserkanister<\/li>\n\n\n\n<li>Wasserschlauch<\/li>\n\n\n\n<li>Kabelrolle<\/li>\n\n\n\n<li>Koch- und Essgeschirr f\u00fcr 4-6 Personen<\/li>\n<\/ul>\n\n\n\n<h2 class=\"wp-block-heading\">Wohnwagen: unsere Serienausr\u00fcstung<\/h2>\n\n\n\n<ul class=\"wp-block-list\">\n<li>Fahrradtr\u00e4ger f\u00fcr 2 Fahrr\u00e4der<\/li>\n\n\n\n<li>Sonnenstore<\/li>\n\n\n\n<li>Komfortst\u00fctzen<\/li>\n\n\n\n<li>Reserve-Wasserkanister<\/li>\n\n\n\n<li>Wasserschlauch<\/li>\n\n\n\n<li>Koch- und Essgeschirr f\u00fcr 4-6 Personen<\/li>\n\n\n\n<li>Kabelrolle<\/li>\n\n\n\n<li>Kassetten-WC, Toilettenprodukte<\/li>\n<\/ul>\n\n\n\n<p><a href=\"https:\/\/www.bantam.ch\/de\/allgemeine-konditionen\/\">&gt;&gt;&gt; Lesen Sie auch:&nbsp;Allgemeine Bedingungen f\u00fcr die Vermietung von Reisemobile und Wohnwag<\/a><a href=\"http:\/\/www.bantam.ch\/locationConditions.phphttps:\/\/www.bantam.ch\/de\/allgemeine-konditionen\/\" target=\"_blank\" rel=\"noreferrer noopener\">en<\/a><\/p>\n","protected":false},"excerpt":{"rendered":"<p>Reisemobil &amp; Wohnwagen Vermietungen \u00dcberlassen Sie nichts dem Zufall&#8230; Lassen Sie den Alltag hinter sich und geniessen Sie Ihren wohlverdienten Urlaub. Frische Luft und Natur sind inklusive. Damit Sie die wichtigste Zeit des Jahres nicht dem Zufall \u00fcberlassen, sondern geniessen k\u00f6nnen, legen wir grossen Wert auf Sicherheit und Qualit\u00e4t unserer Mietflotte. Machen Sie sich keine [&hellip;]<\/p>\n","protected":false},"author":6,"featured_media":0,"parent":0,"menu_order":0,"comment_status":"closed","ping_status":"closed","template":"","meta":{"_acf_changed":false,"footnotes":""},"class_list":["post-3155","page","type-page","status-publish","hentry"],"acf":[],"yoast_head":"<!-- This site is optimized with the Yoast SEO plugin v27.4 - https:\/\/yoast.com\/product\/yoast-seo-wordpress\/ -->\n<title>N\u00fctzliche Informationen - Bantam<\/title>\n<meta name=\"robots\" content=\"index, follow, max-snippet:-1, max-image-preview:large, max-video-preview:-1\" \/>\n<link rel=\"canonical\" href=\"https:\/\/www.bantam.ch\/de\/nuetzliche-informationen\/\" \/>\n<meta property=\"og:locale\" content=\"de_DE\" \/>\n<meta property=\"og:type\" content=\"article\" \/>\n<meta property=\"og:title\" content=\"N\u00fctzliche Informationen - Bantam\" \/>\n<meta property=\"og:description\" content=\"Reisemobil &amp; Wohnwagen Vermietungen \u00dcberlassen Sie nichts dem Zufall&#8230; Lassen Sie den Alltag hinter sich und geniessen Sie Ihren wohlverdienten Urlaub. Frische Luft und Natur sind inklusive. Damit Sie die wichtigste Zeit des Jahres nicht dem Zufall \u00fcberlassen, sondern geniessen k\u00f6nnen, legen wir grossen Wert auf Sicherheit und Qualit\u00e4t unserer Mietflotte. Machen Sie sich keine [&hellip;]\" \/>\n<meta property=\"og:url\" content=\"https:\/\/www.bantam.ch\/de\/nuetzliche-informationen\/\" \/>\n<meta property=\"og:site_name\" content=\"Bantam\" \/>\n<meta property=\"article:modified_time\" content=\"2025-11-27T10:23:20+00:00\" \/>\n<meta name=\"twitter:card\" content=\"summary_large_image\" \/>\n<meta name=\"twitter:label1\" content=\"Gesch\u00e4tzte Lesezeit\" \/>\n\t<meta name=\"twitter:data1\" content=\"2\u00a0Minuten\" \/>\n<script type=\"application\/ld+json\" class=\"yoast-schema-graph\">{\"@context\":\"https:\\\/\\\/schema.org\",\"@graph\":[{\"@type\":\"WebPage\",\"@id\":\"https:\\\/\\\/www.bantam.ch\\\/de\\\/nuetzliche-informationen\\\/\",\"url\":\"https:\\\/\\\/www.bantam.ch\\\/de\\\/nuetzliche-informationen\\\/\",\"name\":\"N\u00fctzliche Informationen - Bantam\",\"isPartOf\":{\"@id\":\"https:\\\/\\\/www.bantam.ch\\\/#website\"},\"datePublished\":\"2024-07-01T12:09:20+00:00\",\"dateModified\":\"2025-11-27T10:23:20+00:00\",\"breadcrumb\":{\"@id\":\"https:\\\/\\\/www.bantam.ch\\\/de\\\/nuetzliche-informationen\\\/#breadcrumb\"},\"inLanguage\":\"de\",\"potentialAction\":[{\"@type\":\"ReadAction\",\"target\":[\"https:\\\/\\\/www.bantam.ch\\\/de\\\/nuetzliche-informationen\\\/\"]}]},{\"@type\":\"BreadcrumbList\",\"@id\":\"https:\\\/\\\/www.bantam.ch\\\/de\\\/nuetzliche-informationen\\\/#breadcrumb\",\"itemListElement\":[{\"@type\":\"ListItem\",\"position\":1,\"name\":\"Home\",\"item\":\"https:\\\/\\\/www.bantam.ch\\\/de\\\/\"},{\"@type\":\"ListItem\",\"position\":2,\"name\":\"N\u00fctzliche Informationen\"}]},{\"@type\":\"WebSite\",\"@id\":\"https:\\\/\\\/www.bantam.ch\\\/#website\",\"url\":\"https:\\\/\\\/www.bantam.ch\\\/\",\"name\":\"Bantam Etagni\u00e8res\",\"description\":\"\",\"potentialAction\":[{\"@type\":\"SearchAction\",\"target\":{\"@type\":\"EntryPoint\",\"urlTemplate\":\"https:\\\/\\\/www.bantam.ch\\\/?s={search_term_string}\"},\"query-input\":{\"@type\":\"PropertyValueSpecification\",\"valueRequired\":true,\"valueName\":\"search_term_string\"}}],\"inLanguage\":\"de\"}]}<\/script>\n<!-- \/ Yoast SEO plugin. -->","yoast_head_json":{"title":"N\u00fctzliche Informationen - Bantam","robots":{"index":"index","follow":"follow","max-snippet":"max-snippet:-1","max-image-preview":"max-image-preview:large","max-video-preview":"max-video-preview:-1"},"canonical":"https:\/\/www.bantam.ch\/de\/nuetzliche-informationen\/","og_locale":"de_DE","og_type":"article","og_title":"N\u00fctzliche Informationen - Bantam","og_description":"Reisemobil &amp; Wohnwagen Vermietungen \u00dcberlassen Sie nichts dem Zufall&#8230; Lassen Sie den Alltag hinter sich und geniessen Sie Ihren wohlverdienten Urlaub. Frische Luft und Natur sind inklusive. Damit Sie die wichtigste Zeit des Jahres nicht dem Zufall \u00fcberlassen, sondern geniessen k\u00f6nnen, legen wir grossen Wert auf Sicherheit und Qualit\u00e4t unserer Mietflotte. Machen Sie sich keine [&hellip;]","og_url":"https:\/\/www.bantam.ch\/de\/nuetzliche-informationen\/","og_site_name":"Bantam","article_modified_time":"2025-11-27T10:23:20+00:00","twitter_card":"summary_large_image","twitter_misc":{"Gesch\u00e4tzte Lesezeit":"2\u00a0Minuten"},"schema":{"@context":"https:\/\/schema.org","@graph":[{"@type":"WebPage","@id":"https:\/\/www.bantam.ch\/de\/nuetzliche-informationen\/","url":"https:\/\/www.bantam.ch\/de\/nuetzliche-informationen\/","name":"N\u00fctzliche Informationen - Bantam","isPartOf":{"@id":"https:\/\/www.bantam.ch\/#website"},"datePublished":"2024-07-01T12:09:20+00:00","dateModified":"2025-11-27T10:23:20+00:00","breadcrumb":{"@id":"https:\/\/www.bantam.ch\/de\/nuetzliche-informationen\/#breadcrumb"},"inLanguage":"de","potentialAction":[{"@type":"ReadAction","target":["https:\/\/www.bantam.ch\/de\/nuetzliche-informationen\/"]}]},{"@type":"BreadcrumbList","@id":"https:\/\/www.bantam.ch\/de\/nuetzliche-informationen\/#breadcrumb","itemListElement":[{"@type":"ListItem","position":1,"name":"Home","item":"https:\/\/www.bantam.ch\/de\/"},{"@type":"ListItem","position":2,"name":"N\u00fctzliche Informationen"}]},{"@type":"WebSite","@id":"https:\/\/www.bantam.ch\/#website","url":"https:\/\/www.bantam.ch\/","name":"Bantam Etagni\u00e8res","description":"","potentialAction":[{"@type":"SearchAction","target":{"@type":"EntryPoint","urlTemplate":"https:\/\/www.bantam.ch\/?s={search_term_string}"},"query-input":{"@type":"PropertyValueSpecification","valueRequired":true,"valueName":"search_term_string"}}],"inLanguage":"de"}]}},"publishpress_future_action":{"enabled":false,"date":"2026-04-26 17:08:09","action":"change-status","newStatus":"draft","terms":[],"taxonomy":"translation_priority","extraData":[]},"publishpress_future_workflow_manual_trigger":{"enabledWorkflows":[]},"_links":{"self":[{"href":"https:\/\/www.bantam.ch\/de\/wp-json\/wp\/v2\/pages\/3155","targetHints":{"allow":["GET"]}}],"collection":[{"href":"https:\/\/www.bantam.ch\/de\/wp-json\/wp\/v2\/pages"}],"about":[{"href":"https:\/\/www.bantam.ch\/de\/wp-json\/wp\/v2\/types\/page"}],"author":[{"embeddable":true,"href":"https:\/\/www.bantam.ch\/de\/wp-json\/wp\/v2\/users\/6"}],"replies":[{"embeddable":true,"href":"https:\/\/www.bantam.ch\/de\/wp-json\/wp\/v2\/comments?post=3155"}],"version-history":[{"count":10,"href":"https:\/\/www.bantam.ch\/de\/wp-json\/wp\/v2\/pages\/3155\/revisions"}],"predecessor-version":[{"id":6353,"href":"https:\/\/www.bantam.ch\/de\/wp-json\/wp\/v2\/pages\/3155\/revisions\/6353"}],"wp:attachment":[{"href":"https:\/\/www.bantam.ch\/de\/wp-json\/wp\/v2\/media?parent=3155"}],"curies":[{"name":"wp","href":"https:\/\/api.w.org\/{rel}","templated":true}]}}